{"id":94,"date":"2025-04-18T12:46:35","date_gmt":"2025-04-18T12:46:35","guid":{"rendered":"https:\/\/busy-kalam.51-15-217-141.plesk.page\/staging_j\/?page_id=94"},"modified":"2025-10-29T19:02:15","modified_gmt":"2025-10-29T17:02:15","slug":"le-cercle-melotick","status":"publish","type":"page","link":"https:\/\/melotick.com\/?page_id=94","title":{"rendered":"Le Cercle"},"content":{"rendered":"\t\t<div data-elementor-type=\"wp-page\" data-elementor-id=\"94\" class=\"elementor elementor-94\" data-elementor-post-type=\"page\">\n\t\t\t\t<div class=\"elementor-element elementor-element-f27c6ad e-flex e-con-boxed e-con e-parent\" data-id=\"f27c6ad\" data-element_type=\"container\" data-e-type=\"container\" data-settings=\"{&quot;background_background&quot;:&quot;classic&quot;,&quot;animation&quot;:&quot;none&quot;}\">\n\t\t\t\t\t<div class=\"e-con-inner\">\n\t\t<div class=\"elementor-element elementor-element-c6ccd22 e-con-full e-flex e-con e-child\" data-id=\"c6ccd22\" data-element_type=\"container\" data-e-type=\"container\">\n\t\t\t\t<div class=\"elementor-element elementor-element-d896205 elementor-widget elementor-widget-heading\" data-id=\"d896205\" data-element_type=\"widget\" data-e-type=\"widget\" data-widget_type=\"heading.default\">\n\t\t\t\t<div class=\"elementor-widget-container\">\n\t\t\t\t\t<h1 class=\"elementor-heading-title elementor-size-default\">Le Cercle Melotick :<br \/>Vivez la Culture autrement<\/h1>\t\t\t\t<\/div>\n\t\t\t\t<\/div>\n\t\t\t\t<div class=\"elementor-element elementor-element-13f4f2d elementor-widget elementor-widget-text-editor\" data-id=\"13f4f2d\" data-element_type=\"widget\" data-e-type=\"widget\" data-widget_type=\"text-editor.default\">\n\t\t\t\t<div class=\"elementor-widget-container\">\n\t\t\t\t\t\t\t\t\t<p>Rejoignez un club unique d\u00e9di\u00e9 aux amoureux de la culture. Concerts priv\u00e9s, rencontres<br \/>exclusives, recommandations personnalis\u00e9es\u2026 Melotick vous ouvre les portes d\u2019un monde<br \/>d\u2019exp\u00e9riences artistiques rares.<\/p>\t\t\t\t\t\t\t\t<\/div>\n\t\t\t\t<\/div>\n\t\t\t\t<div class=\"elementor-element elementor-element-1412bea elementor-align-center elementor-widget elementor-widget-button\" data-id=\"1412bea\" data-element_type=\"widget\" data-e-type=\"widget\" data-widget_type=\"button.default\">\n\t\t\t\t<div class=\"elementor-widget-container\">\n\t\t\t\t\t\t\t\t\t<div class=\"elementor-button-wrapper\">\n\t\t\t\t\t<a class=\"elementor-button elementor-button-link elementor-size-sm\" href=\"https:\/\/melotick.com\/contact\/\">\n\t\t\t\t\t\t<span class=\"elementor-button-content-wrapper\">\n\t\t\t\t\t\t\t\t\t<span class=\"elementor-button-text\">Rejoindre le Cercle<\/span>\n\t\t\t\t\t<\/span>\n\t\t\t\t\t<\/a>\n\t\t\t\t<\/div>\n\t\t\t\t\t\t\t\t<\/div>\n\t\t\t\t<\/div>\n\t\t\t\t<\/div>\n\t\t\t\t\t<\/div>\n\t\t\t\t<\/div>\n\t\t<div class=\"elementor-element elementor-element-212fdfd e-flex e-con-boxed e-con e-parent\" data-id=\"212fdfd\" data-element_type=\"container\" data-e-type=\"container\">\n\t\t\t\t\t<div class=\"e-con-inner\">\n\t\t<div class=\"elementor-element elementor-element-c915946 e-con-full e-flex e-con e-child\" data-id=\"c915946\" data-element_type=\"container\" data-e-type=\"container\" data-settings=\"{&quot;background_background&quot;:&quot;classic&quot;}\">\n\t\t<div class=\"elementor-element elementor-element-20609f2 e-con-full e-flex e-con e-child\" data-id=\"20609f2\" data-element_type=\"container\" data-e-type=\"container\" data-settings=\"{&quot;background_background&quot;:&quot;classic&quot;}\">\n\t\t\t\t<div class=\"elementor-element elementor-element-acf430d elementor-widget elementor-widget-heading\" data-id=\"acf430d\" data-element_type=\"widget\" data-e-type=\"widget\" data-widget_type=\"heading.default\">\n\t\t\t\t<div class=\"elementor-widget-container\">\n\t\t\t\t\t<h2 class=\"elementor-heading-title elementor-size-default\">Pour Qui ?<\/h2>\t\t\t\t<\/div>\n\t\t\t\t<\/div>\n\t\t\t\t<\/div>\n\t\t\t\t<div class=\"elementor-element elementor-element-6a09465 elementor-widget elementor-widget-text-editor\" data-id=\"6a09465\" data-element_type=\"widget\" data-e-type=\"widget\" data-widget_type=\"text-editor.default\">\n\t\t\t\t<div class=\"elementor-widget-container\">\n\t\t\t\t\t\t\t\t\t<p>Que vous soyez \u00e9tudiant curieux, jeune actif, cadre passionn\u00e9 ou esth\u00e8te averti, le Cercle Melotick vous ouvre les portes d\u2019une culture vivante, conviviale et \u00e9l\u00e9gante.<\/p><p>Ici, on ne consomme pas la culture : on la vit, on la partage, on la c\u00e9l\u00e8bre.<\/p>\t\t\t\t\t\t\t\t<\/div>\n\t\t\t\t<\/div>\n\t\t<div class=\"elementor-element elementor-element-f0e7637 e-con-full e-flex e-con e-child\" data-id=\"f0e7637\" data-element_type=\"container\" data-e-type=\"container\" data-settings=\"{&quot;background_background&quot;:&quot;classic&quot;}\">\n\t\t\t\t<div class=\"elementor-element elementor-element-56ead1b elementor-widget elementor-widget-heading\" data-id=\"56ead1b\" data-element_type=\"widget\" data-e-type=\"widget\" data-widget_type=\"heading.default\">\n\t\t\t\t<div class=\"elementor-widget-container\">\n\t\t\t\t\t<h2 class=\"elementor-heading-title elementor-size-default\">Pourquoi Adh\u00e9rer ?<\/h2>\t\t\t\t<\/div>\n\t\t\t\t<\/div>\n\t\t\t\t<\/div>\n\t\t\t\t<div class=\"elementor-element elementor-element-22dd2d3 elementor-widget elementor-widget-text-editor\" data-id=\"22dd2d3\" data-element_type=\"widget\" data-e-type=\"widget\" data-widget_type=\"text-editor.default\">\n\t\t\t\t<div class=\"elementor-widget-container\">\n\t\t\t\t\t\t\t\t\t<p><strong>Rejoindre le Cercle, c\u2019est acc\u00e9der \u00e0 :<\/strong><br \/>\u00c9v\u00e9nements exclusifs : concerts intimistes, d\u00eeners-rencontres, visites priv\u00e9es, ateliers d\u2019exception<br \/><br \/><strong>Rencontres privil\u00e9gi\u00e9es avec les artistes :<\/strong> musiciens, cr\u00e9ateurs, conservateurs, penseurs\u2026Recommandations culturelles personnalis\u00e9es selon vos go\u00fbts et votre style de vie<br \/><strong><br \/>Avantages membres :<\/strong> tarifs pr\u00e9f\u00e9rentiels, invitations, offres chez nos partenaires culturels<\/p>\t\t\t\t\t\t\t\t<\/div>\n\t\t\t\t<\/div>\n\t\t\t\t<\/div>\n\t\t<div class=\"elementor-element elementor-element-2c11bb0 e-con-full e-flex e-con e-child\" data-id=\"2c11bb0\" data-element_type=\"container\" data-e-type=\"container\" data-settings=\"{&quot;background_background&quot;:&quot;classic&quot;}\">\n\t\t<div class=\"elementor-element elementor-element-3d63387 e-con-full e-flex e-con e-child\" data-id=\"3d63387\" data-element_type=\"container\" data-e-type=\"container\" data-settings=\"{&quot;background_background&quot;:&quot;classic&quot;}\">\n\t\t\t\t<div class=\"elementor-element elementor-element-9cfa77e elementor-widget elementor-widget-heading\" data-id=\"9cfa77e\" data-element_type=\"widget\" data-e-type=\"widget\" data-widget_type=\"heading.default\">\n\t\t\t\t<div class=\"elementor-widget-container\">\n\t\t\t\t\t<h2 class=\"elementor-heading-title elementor-size-default\">Nos Formules<\/h2>\t\t\t\t<\/div>\n\t\t\t\t<\/div>\n\t\t\t\t<\/div>\n\t\t\t\t<div class=\"elementor-element elementor-element-3e1113c elementor-widget elementor-widget-text-editor\" data-id=\"3e1113c\" data-element_type=\"widget\" data-e-type=\"widget\" data-widget_type=\"text-editor.default\">\n\t\t\t\t<div class=\"elementor-widget-container\">\n\t\t\t\t\t\t\t\t\t<p><strong>Trouvez la formule qui vous correspond :<\/strong><\/p><ul><li><strong>D\u00e9couverte<\/strong> : l\u2019acc\u00e8s souple pour explorer les premiers \u00e9v\u00e9nements<br \/><br \/><\/li><li><strong>Premium<\/strong> : pour vivre r\u00e9guli\u00e8rement des exp\u00e9riences uniques, en petit comit\u00e9<br \/><br \/><\/li><li><strong>Corporate<\/strong> : pour les entreprises qui souhaitent offrir \u00e0 leurs \u00e9quipes ou clients des moments culturels inoubliables<\/li><\/ul><p><br \/>Chaque formule inclut un accompagnement personnalis\u00e9 et des avantages progressifs.<\/p>\t\t\t\t\t\t\t\t<\/div>\n\t\t\t\t<\/div>\n\t\t<div class=\"elementor-element elementor-element-087b1e6 e-con-full e-flex e-con e-child\" data-id=\"087b1e6\" data-element_type=\"container\" data-e-type=\"container\" data-settings=\"{&quot;background_background&quot;:&quot;classic&quot;}\">\n\t\t\t\t<div class=\"elementor-element elementor-element-d991721 elementor-widget elementor-widget-heading\" data-id=\"d991721\" data-element_type=\"widget\" data-e-type=\"widget\" data-widget_type=\"heading.default\">\n\t\t\t\t<div class=\"elementor-widget-container\">\n\t\t\t\t\t<h2 class=\"elementor-heading-title elementor-size-default\">Une Communaut\u00e9 de Passionn\u00e9s<\/h2>\t\t\t\t<\/div>\n\t\t\t\t<\/div>\n\t\t\t\t<\/div>\n\t\t\t\t<div class=\"elementor-element elementor-element-f4d80e8 elementor-widget elementor-widget-text-editor\" data-id=\"f4d80e8\" data-element_type=\"widget\" data-e-type=\"widget\" data-widget_type=\"text-editor.default\">\n\t\t\t\t<div class=\"elementor-widget-container\">\n\t\t\t\t\t\t\t\t\t<p><strong>Au-del\u00e0 des \u00e9v\u00e9nements, le Cercle Melotick, c\u2019est :<br \/><\/strong><br \/>\u25cf Des afterworks culturels dans des lieux inspirants<br \/>\u25cf Des groupes th\u00e9matiques (Op\u00e9ra, Architecture, Jazz, Art contemporain&#8230;)<br \/>\u25cf Des voyages culturels \u00e0 Paris, en France et en Europe<br \/>\u25cf Des moments de partage authentiques, entre amateurs d\u2019\u00e9motion et de beaut\u00e9<\/p>\t\t\t\t\t\t\t\t<\/div>\n\t\t\t\t<\/div>\n\t\t<div class=\"elementor-element elementor-element-c5b398a e-con-full e-flex e-con e-child\" data-id=\"c5b398a\" data-element_type=\"container\" data-e-type=\"container\" data-settings=\"{&quot;background_background&quot;:&quot;classic&quot;}\">\n\t\t\t\t<div class=\"elementor-element elementor-element-83eb920 elementor-widget elementor-widget-heading\" data-id=\"83eb920\" data-element_type=\"widget\" data-e-type=\"widget\" data-widget_type=\"heading.default\">\n\t\t\t\t<div class=\"elementor-widget-container\">\n\t\t\t\t\t<h2 class=\"elementor-heading-title elementor-size-default\">Pr\u00eat \u00e0 rejoindre le Cercle ?<\/h2>\t\t\t\t<\/div>\n\t\t\t\t<\/div>\n\t\t\t\t<\/div>\n\t\t\t\t<div class=\"elementor-element elementor-element-f2a30d1 elementor-widget elementor-widget-text-editor\" data-id=\"f2a30d1\" data-element_type=\"widget\" data-e-type=\"widget\" data-widget_type=\"text-editor.default\">\n\t\t\t\t<div class=\"elementor-widget-container\">\n\t\t\t\t\t\t\t\t\t<p>Pr\u00e9-inscriptions pour la rentr\u00e9e 2025\u00a0<\/p>\t\t\t\t\t\t\t\t<\/div>\n\t\t\t\t<\/div>\n\t\t\t\t<div class=\"elementor-element elementor-element-4e0e24c elementor-widget elementor-widget-button\" data-id=\"4e0e24c\" data-element_type=\"widget\" data-e-type=\"widget\" data-widget_type=\"button.default\">\n\t\t\t\t<div class=\"elementor-widget-container\">\n\t\t\t\t\t\t\t\t\t<div class=\"elementor-button-wrapper\">\n\t\t\t\t\t<a class=\"elementor-button elementor-button-link elementor-size-sm\" href=\"https:\/\/melotick.com\/contact\/\">\n\t\t\t\t\t\t<span class=\"elementor-button-content-wrapper\">\n\t\t\t\t\t\t\t\t\t<span class=\"elementor-button-text\">Rejoindre le cercle<\/span>\n\t\t\t\t\t<\/span>\n\t\t\t\t\t<\/a>\n\t\t\t\t<\/div>\n\t\t\t\t\t\t\t\t<\/div>\n\t\t\t\t<\/div>\n\t\t\t\t<\/div>\n\t\t\t\t\t<\/div>\n\t\t\t\t<\/div>\n\t\t<div class=\"elementor-element elementor-element-f951398 e-flex e-con-boxed e-con e-parent\" data-id=\"f951398\" data-element_type=\"container\" data-e-type=\"container\" data-settings=\"{&quot;background_background&quot;:&quot;classic&quot;}\">\n\t\t\t\t\t<div class=\"e-con-inner\">\n\t\t\t\t<div class=\"elementor-element elementor-element-64b518e elementor-widget elementor-widget-heading\" data-id=\"64b518e\" data-element_type=\"widget\" data-e-type=\"widget\" data-widget_type=\"heading.default\">\n\t\t\t\t<div class=\"elementor-widget-container\">\n\t\t\t\t\t<h2 class=\"elementor-heading-title elementor-size-default\">Ils t\u00e9moignent de leur exp\u00e9rience Melotick<\/h2>\t\t\t\t<\/div>\n\t\t\t\t<\/div>\n\t\t\t\t\t<\/div>\n\t\t\t\t<\/div>\n\t\t<div class=\"elementor-element elementor-element-79278d3 e-flex e-con-boxed e-con e-parent\" data-id=\"79278d3\" data-element_type=\"container\" data-e-type=\"container\">\n\t\t\t\t\t<div class=\"e-con-inner\">\n\t\t<div class=\"elementor-element elementor-element-ef5b024 e-con-full e-flex e-con e-child\" data-id=\"ef5b024\" data-element_type=\"container\" data-e-type=\"container\">\n\t\t\t\t<div class=\"elementor-element elementor-element-a6c2f63 elementor-widget elementor-widget-heading\" data-id=\"a6c2f63\" data-element_type=\"widget\" data-e-type=\"widget\" data-widget_type=\"heading.default\">\n\t\t\t\t<div class=\"elementor-widget-container\">\n\t\t\t\t\t<h2 class=\"elementor-heading-title elementor-size-default\"><a href=\"#\">\"Un r\u00e9cital inoubliable suivi d'un \u00e9change avec l'artiste...<br \/><br \/>Le Cercle Melotick c'est bien plus qu'un Club, c'est une Famille.\"<\/a><\/h2>\t\t\t\t<\/div>\n\t\t\t\t<\/div>\n\t\t\t\t<\/div>\n\t\t<div class=\"elementor-element elementor-element-f2762f6 e-con-full e-flex e-con e-child\" data-id=\"f2762f6\" data-element_type=\"container\" data-e-type=\"container\">\n\t\t\t\t<div class=\"elementor-element elementor-element-6b8643d elementor-widget elementor-widget-heading\" data-id=\"6b8643d\" data-element_type=\"widget\" data-e-type=\"widget\" data-widget_type=\"heading.default\">\n\t\t\t\t<div class=\"elementor-widget-container\">\n\t\t\t\t\t<h2 class=\"elementor-heading-title elementor-size-default\"><a href=\"#\">\"Le Cercle m'a permis de vivre des rencontres inoubliables dans un cadre privil\u00e9gi\u00e9 et authentique.\"<\/a><\/h2>\t\t\t\t<\/div>\n\t\t\t\t<\/div>\n\t\t\t\t<\/div>\n\t\t<div class=\"elementor-element elementor-element-c7ff590 e-con-full e-flex e-con e-child\" data-id=\"c7ff590\" data-element_type=\"container\" data-e-type=\"container\">\n\t\t\t\t<div class=\"elementor-element elementor-element-00eb157 elementor-widget elementor-widget-heading\" data-id=\"00eb157\" data-element_type=\"widget\" data-e-type=\"widget\" data-widget_type=\"heading.default\">\n\t\t\t\t<div class=\"elementor-widget-container\">\n\t\t\t\t\t<h2 class=\"elementor-heading-title elementor-size-default\"><a href=\"#\">\"Chaque \u00e9v\u00e9nement organis\u00e9 par Melotick pour Le Cercle est une parenth\u00e8se pr\u00e9cieuse de partage et d'\u00e9motion.\"<\/a><\/h2>\t\t\t\t<\/div>\n\t\t\t\t<\/div>\n\t\t\t\t<\/div>\n\t\t\t\t\t<\/div>\n\t\t\t\t<\/div>\n\t\t<div class=\"elementor-element elementor-element-6f322b2 e-flex e-con-boxed e-con e-parent\" data-id=\"6f322b2\" data-element_type=\"container\" data-e-type=\"container\" data-settings=\"{&quot;background_background&quot;:&quot;classic&quot;}\">\n\t\t\t\t\t<div class=\"e-con-inner\">\n\t\t<div class=\"elementor-element elementor-element-6bf7fea e-con-full e-flex e-con e-child\" data-id=\"6bf7fea\" data-element_type=\"container\" data-e-type=\"container\">\n\t\t\t\t<div class=\"elementor-element elementor-element-8853748 elementor-align-right elementor-widget elementor-widget-button\" data-id=\"8853748\" data-element_type=\"widget\" data-e-type=\"widget\" data-widget_type=\"button.default\">\n\t\t\t\t<div class=\"elementor-widget-container\">\n\t\t\t\t\t\t\t\t\t<div class=\"elementor-button-wrapper\">\n\t\t\t\t\t<a class=\"elementor-button elementor-button-link elementor-size-sm\" href=\"https:\/\/melotick.com\/contact\/\">\n\t\t\t\t\t\t<span class=\"elementor-button-content-wrapper\">\n\t\t\t\t\t\t<span class=\"elementor-button-icon\">\n\t\t\t\t<i aria-hidden=\"true\" class=\"fas fa-arrow-right\"><\/i>\t\t\t<\/span>\n\t\t\t\t\t\t\t\t\t<span class=\"elementor-button-text\">Rejoignez le Cercle Melotick d\u00e8s aujourd'hui<\/span>\n\t\t\t\t\t<\/span>\n\t\t\t\t\t<\/a>\n\t\t\t\t<\/div>\n\t\t\t\t\t\t\t\t<\/div>\n\t\t\t\t<\/div>\n\t\t\t\t<\/div>\n\t\t\t\t\t<\/div>\n\t\t\t\t<\/div>\n\t\t\t\t<\/div>\n\t\t","protected":false},"excerpt":{"rendered":"<p>Le Cercle Melotick :Vivez la Culture autrement Rejoignez un club unique d\u00e9di\u00e9 aux amoureux de la culture. Concerts priv\u00e9s, rencontresexclusives, recommandations personnalis\u00e9es\u2026 Melotick vous ouvre les portes d\u2019un monded\u2019exp\u00e9riences artistiques rares. Rejoindre le Cercle Pour Qui ? Que vous soyez \u00e9tudiant curieux, jeune actif, cadre passionn\u00e9 ou esth\u00e8te averti, le Cercle Melotick vous ouvre les [&hellip;]<\/p>\n","protected":false},"author":2,"featured_media":0,"parent":0,"menu_order":0,"comment_status":"closed","ping_status":"closed","template":"","meta":{"_acf_changed":false,"_monsterinsights_skip_tracking":false,"_monsterinsights_sitenote_active":false,"_monsterinsights_sitenote_note":"","_monsterinsights_sitenote_category":0,"footnotes":""},"class_list":["post-94","page","type-page","status-publish","hentry"],"acf":[],"yoast_head":"<!-- This site is optimized with the Yoast SEO plugin v27.3 - https:\/\/yoast.com\/product\/yoast-seo-wordpress\/ -->\n<title>Le cercle du spectacle vivant fran\u00e7ais - Melotick<\/title>\n<meta name=\"description\" content=\"Le Cercle Melotick : club priv\u00e9 du spectacle vivant. Acc\u00e8s prioritaire, avantages et invitations \u00e0 des concerts, op\u00e9ras, galeries et mus\u00e9es\" \/>\n<meta name=\"robots\" content=\"index, follow, max-snippet:-1, max-image-preview:large, max-video-preview:-1\" \/>\n<link rel=\"canonical\" href=\"https:\/\/melotick.com\/?page_id=94\" \/>\n<meta property=\"og:locale\" content=\"fr_FR\" \/>\n<meta property=\"og:type\" content=\"article\" \/>\n<meta property=\"og:title\" content=\"Le cercle du spectacle vivant fran\u00e7ais - Melotick\" \/>\n<meta property=\"og:description\" content=\"Le Cercle Melotick : club priv\u00e9 du spectacle vivant. Acc\u00e8s prioritaire, avantages et invitations \u00e0 des concerts, op\u00e9ras, galeries et mus\u00e9es\" \/>\n<meta property=\"og:url\" content=\"https:\/\/melotick.com\/?page_id=94\" \/>\n<meta property=\"og:site_name\" content=\"Melotick\" \/>\n<meta property=\"article:publisher\" content=\"https:\/\/www.facebook.com\/melotick.culture\/?locale=fr_FR\" \/>\n<meta property=\"article:modified_time\" content=\"2025-10-29T17:02:15+00:00\" \/>\n<meta name=\"twitter:card\" content=\"summary_large_image\" \/>\n<meta name=\"twitter:label1\" content=\"Dur\u00e9e de lecture estim\u00e9e\" \/>\n\t<meta name=\"twitter:data1\" content=\"2 minutes\" \/>\n<script type=\"application\/ld+json\" class=\"yoast-schema-graph\">{\"@context\":\"https:\\\/\\\/schema.org\",\"@graph\":[{\"@type\":[\"Article\",\"BlogPosting\"],\"@id\":\"https:\\\/\\\/melotick.com\\\/?page_id=94#article\",\"isPartOf\":{\"@id\":\"https:\\\/\\\/melotick.com\\\/?page_id=94\"},\"author\":{\"name\":\"Louise\",\"@id\":\"https:\\\/\\\/melotick.com\\\/#\\\/schema\\\/person\\\/00f61fc4908735d57c62400513052d00\"},\"headline\":\"Le Cercle\",\"datePublished\":\"2025-04-18T12:46:35+00:00\",\"dateModified\":\"2025-10-29T17:02:15+00:00\",\"mainEntityOfPage\":{\"@id\":\"https:\\\/\\\/melotick.com\\\/?page_id=94\"},\"wordCount\":352,\"publisher\":{\"@id\":\"https:\\\/\\\/melotick.com\\\/#organization\"},\"inLanguage\":\"fr-FR\"},{\"@type\":\"WebPage\",\"@id\":\"https:\\\/\\\/melotick.com\\\/?page_id=94\",\"url\":\"https:\\\/\\\/melotick.com\\\/?page_id=94\",\"name\":\"Le cercle du spectacle vivant fran\u00e7ais - Melotick\",\"isPartOf\":{\"@id\":\"https:\\\/\\\/melotick.com\\\/#website\"},\"datePublished\":\"2025-04-18T12:46:35+00:00\",\"dateModified\":\"2025-10-29T17:02:15+00:00\",\"description\":\"Le Cercle Melotick : club priv\u00e9 du spectacle vivant. Acc\u00e8s prioritaire, avantages et invitations \u00e0 des concerts, op\u00e9ras, galeries et mus\u00e9es\",\"breadcrumb\":{\"@id\":\"https:\\\/\\\/melotick.com\\\/?page_id=94#breadcrumb\"},\"inLanguage\":\"fr-FR\",\"potentialAction\":[{\"@type\":\"ReadAction\",\"target\":[\"https:\\\/\\\/melotick.com\\\/?page_id=94\"]}]},{\"@type\":\"BreadcrumbList\",\"@id\":\"https:\\\/\\\/melotick.com\\\/?page_id=94#breadcrumb\",\"itemListElement\":[{\"@type\":\"ListItem\",\"position\":1,\"name\":\"Accueil\",\"item\":\"https:\\\/\\\/melotick.com\\\/\"},{\"@type\":\"ListItem\",\"position\":2,\"name\":\"Le Cercle\"}]},{\"@type\":\"WebSite\",\"@id\":\"https:\\\/\\\/melotick.com\\\/#website\",\"url\":\"https:\\\/\\\/melotick.com\\\/\",\"name\":\"Melotick\",\"description\":\"Vivez la Culture qui vous ressemble\",\"publisher\":{\"@id\":\"https:\\\/\\\/melotick.com\\\/#organization\"},\"potentialAction\":[{\"@type\":\"SearchAction\",\"target\":{\"@type\":\"EntryPoint\",\"urlTemplate\":\"https:\\\/\\\/melotick.com\\\/?s={search_term_string}\"},\"query-input\":{\"@type\":\"PropertyValueSpecification\",\"valueRequired\":true,\"valueName\":\"search_term_string\"}}],\"inLanguage\":\"fr-FR\"},{\"@type\":\"Organization\",\"@id\":\"https:\\\/\\\/melotick.com\\\/#organization\",\"name\":\"Melotick\",\"url\":\"https:\\\/\\\/melotick.com\\\/\",\"logo\":{\"@type\":\"ImageObject\",\"inLanguage\":\"fr-FR\",\"@id\":\"https:\\\/\\\/melotick.com\\\/#\\\/schema\\\/logo\\\/image\\\/\",\"url\":\"https:\\\/\\\/melotick.com\\\/wp-content\\\/uploads\\\/2025\\\/07\\\/Logo.png\",\"contentUrl\":\"https:\\\/\\\/melotick.com\\\/wp-content\\\/uploads\\\/2025\\\/07\\\/Logo.png\",\"width\":1000,\"height\":1000,\"caption\":\"Melotick\"},\"image\":{\"@id\":\"https:\\\/\\\/melotick.com\\\/#\\\/schema\\\/logo\\\/image\\\/\"},\"sameAs\":[\"https:\\\/\\\/www.facebook.com\\\/melotick.culture\\\/?locale=fr_FR\",\"https:\\\/\\\/www.instagram.com\\\/melotick.culture\\\/\",\"https:\\\/\\\/www.linkedin.com\\\/company\\\/melotick-plateforme-culturelle\\\/?originalSubdomain=fr\",\"https:\\\/\\\/www.tiktok.com\\\/@meloticktock\"]},{\"@type\":\"Person\",\"@id\":\"https:\\\/\\\/melotick.com\\\/#\\\/schema\\\/person\\\/00f61fc4908735d57c62400513052d00\",\"name\":\"Louise\",\"image\":{\"@type\":\"ImageObject\",\"inLanguage\":\"fr-FR\",\"@id\":\"https:\\\/\\\/secure.gravatar.com\\\/avatar\\\/63566c49041ecfa41d6c8d7c8af2e2a59c6ad4c8154294aba167df3e6bbca621?s=96&d=mm&r=g\",\"url\":\"https:\\\/\\\/secure.gravatar.com\\\/avatar\\\/63566c49041ecfa41d6c8d7c8af2e2a59c6ad4c8154294aba167df3e6bbca621?s=96&d=mm&r=g\",\"contentUrl\":\"https:\\\/\\\/secure.gravatar.com\\\/avatar\\\/63566c49041ecfa41d6c8d7c8af2e2a59c6ad4c8154294aba167df3e6bbca621?s=96&d=mm&r=g\",\"caption\":\"Louise\"},\"url\":\"https:\\\/\\\/melotick.com\\\/?author=2\"}]}<\/script>\n<!-- \/ Yoast SEO plugin. -->","yoast_head_json":{"title":"Le cercle du spectacle vivant fran\u00e7ais - Melotick","description":"Le Cercle Melotick : club priv\u00e9 du spectacle vivant. Acc\u00e8s prioritaire, avantages et invitations \u00e0 des concerts, op\u00e9ras, galeries et mus\u00e9es","robots":{"index":"index","follow":"follow","max-snippet":"max-snippet:-1","max-image-preview":"max-image-preview:large","max-video-preview":"max-video-preview:-1"},"canonical":"https:\/\/melotick.com\/?page_id=94","og_locale":"fr_FR","og_type":"article","og_title":"Le cercle du spectacle vivant fran\u00e7ais - Melotick","og_description":"Le Cercle Melotick : club priv\u00e9 du spectacle vivant. Acc\u00e8s prioritaire, avantages et invitations \u00e0 des concerts, op\u00e9ras, galeries et mus\u00e9es","og_url":"https:\/\/melotick.com\/?page_id=94","og_site_name":"Melotick","article_publisher":"https:\/\/www.facebook.com\/melotick.culture\/?locale=fr_FR","article_modified_time":"2025-10-29T17:02:15+00:00","twitter_card":"summary_large_image","twitter_misc":{"Dur\u00e9e de lecture estim\u00e9e":"2 minutes"},"schema":{"@context":"https:\/\/schema.org","@graph":[{"@type":["Article","BlogPosting"],"@id":"https:\/\/melotick.com\/?page_id=94#article","isPartOf":{"@id":"https:\/\/melotick.com\/?page_id=94"},"author":{"name":"Louise","@id":"https:\/\/melotick.com\/#\/schema\/person\/00f61fc4908735d57c62400513052d00"},"headline":"Le Cercle","datePublished":"2025-04-18T12:46:35+00:00","dateModified":"2025-10-29T17:02:15+00:00","mainEntityOfPage":{"@id":"https:\/\/melotick.com\/?page_id=94"},"wordCount":352,"publisher":{"@id":"https:\/\/melotick.com\/#organization"},"inLanguage":"fr-FR"},{"@type":"WebPage","@id":"https:\/\/melotick.com\/?page_id=94","url":"https:\/\/melotick.com\/?page_id=94","name":"Le cercle du spectacle vivant fran\u00e7ais - Melotick","isPartOf":{"@id":"https:\/\/melotick.com\/#website"},"datePublished":"2025-04-18T12:46:35+00:00","dateModified":"2025-10-29T17:02:15+00:00","description":"Le Cercle Melotick : club priv\u00e9 du spectacle vivant. Acc\u00e8s prioritaire, avantages et invitations \u00e0 des concerts, op\u00e9ras, galeries et mus\u00e9es","breadcrumb":{"@id":"https:\/\/melotick.com\/?page_id=94#breadcrumb"},"inLanguage":"fr-FR","potentialAction":[{"@type":"ReadAction","target":["https:\/\/melotick.com\/?page_id=94"]}]},{"@type":"BreadcrumbList","@id":"https:\/\/melotick.com\/?page_id=94#breadcrumb","itemListElement":[{"@type":"ListItem","position":1,"name":"Accueil","item":"https:\/\/melotick.com\/"},{"@type":"ListItem","position":2,"name":"Le Cercle"}]},{"@type":"WebSite","@id":"https:\/\/melotick.com\/#website","url":"https:\/\/melotick.com\/","name":"Melotick","description":"Vivez la Culture qui vous ressemble","publisher":{"@id":"https:\/\/melotick.com\/#organization"},"potentialAction":[{"@type":"SearchAction","target":{"@type":"EntryPoint","urlTemplate":"https:\/\/melotick.com\/?s={search_term_string}"},"query-input":{"@type":"PropertyValueSpecification","valueRequired":true,"valueName":"search_term_string"}}],"inLanguage":"fr-FR"},{"@type":"Organization","@id":"https:\/\/melotick.com\/#organization","name":"Melotick","url":"https:\/\/melotick.com\/","logo":{"@type":"ImageObject","inLanguage":"fr-FR","@id":"https:\/\/melotick.com\/#\/schema\/logo\/image\/","url":"https:\/\/melotick.com\/wp-content\/uploads\/2025\/07\/Logo.png","contentUrl":"https:\/\/melotick.com\/wp-content\/uploads\/2025\/07\/Logo.png","width":1000,"height":1000,"caption":"Melotick"},"image":{"@id":"https:\/\/melotick.com\/#\/schema\/logo\/image\/"},"sameAs":["https:\/\/www.facebook.com\/melotick.culture\/?locale=fr_FR","https:\/\/www.instagram.com\/melotick.culture\/","https:\/\/www.linkedin.com\/company\/melotick-plateforme-culturelle\/?originalSubdomain=fr","https:\/\/www.tiktok.com\/@meloticktock"]},{"@type":"Person","@id":"https:\/\/melotick.com\/#\/schema\/person\/00f61fc4908735d57c62400513052d00","name":"Louise","image":{"@type":"ImageObject","inLanguage":"fr-FR","@id":"https:\/\/secure.gravatar.com\/avatar\/63566c49041ecfa41d6c8d7c8af2e2a59c6ad4c8154294aba167df3e6bbca621?s=96&d=mm&r=g","url":"https:\/\/secure.gravatar.com\/avatar\/63566c49041ecfa41d6c8d7c8af2e2a59c6ad4c8154294aba167df3e6bbca621?s=96&d=mm&r=g","contentUrl":"https:\/\/secure.gravatar.com\/avatar\/63566c49041ecfa41d6c8d7c8af2e2a59c6ad4c8154294aba167df3e6bbca621?s=96&d=mm&r=g","caption":"Louise"},"url":"https:\/\/melotick.com\/?author=2"}]}},"_links":{"self":[{"href":"https:\/\/melotick.com\/index.php?rest_route=\/wp\/v2\/pages\/94","targetHints":{"allow":["GET"]}}],"collection":[{"href":"https:\/\/melotick.com\/index.php?rest_route=\/wp\/v2\/pages"}],"about":[{"href":"https:\/\/melotick.com\/index.php?rest_route=\/wp\/v2\/types\/page"}],"author":[{"embeddable":true,"href":"https:\/\/melotick.com\/index.php?rest_route=\/wp\/v2\/users\/2"}],"replies":[{"embeddable":true,"href":"https:\/\/melotick.com\/index.php?rest_route=%2Fwp%2Fv2%2Fcomments&post=94"}],"version-history":[{"count":163,"href":"https:\/\/melotick.com\/index.php?rest_route=\/wp\/v2\/pages\/94\/revisions"}],"predecessor-version":[{"id":5125,"href":"https:\/\/melotick.com\/index.php?rest_route=\/wp\/v2\/pages\/94\/revisions\/5125"}],"wp:attachment":[{"href":"https:\/\/melotick.com\/index.php?rest_route=%2Fwp%2Fv2%2Fmedia&parent=94"}],"curies":[{"name":"wp","href":"https:\/\/api.w.org\/{rel}","templated":true}]}}