{"id":98,"date":"2025-04-18T12:47:05","date_gmt":"2025-04-18T12:47:05","guid":{"rendered":"https:\/\/busy-kalam.51-15-217-141.plesk.page\/staging_j\/?page_id=98"},"modified":"2025-07-03T07:20:59","modified_gmt":"2025-07-03T07:20:59","slug":"contact","status":"publish","type":"page","link":"https:\/\/melotick.com\/?page_id=98","title":{"rendered":"Contact"},"content":{"rendered":"\t\t<div data-elementor-type=\"wp-page\" data-elementor-id=\"98\" class=\"elementor elementor-98\" data-elementor-post-type=\"page\">\n\t\t\t\t<div class=\"elementor-element elementor-element-0407d59 e-flex e-con-boxed e-con e-parent\" data-id=\"0407d59\" data-element_type=\"container\" data-e-type=\"container\" data-settings=\"{&quot;background_background&quot;:&quot;classic&quot;,&quot;animation&quot;:&quot;none&quot;}\">\n\t\t\t\t\t<div class=\"e-con-inner\">\n\t\t<div class=\"elementor-element elementor-element-bdf4483 e-con-full e-flex e-con e-child\" data-id=\"bdf4483\" data-element_type=\"container\" data-e-type=\"container\">\n\t\t\t\t<div class=\"elementor-element elementor-element-fc7449a elementor-widget elementor-widget-heading\" data-id=\"fc7449a\" data-element_type=\"widget\" data-e-type=\"widget\" data-widget_type=\"heading.default\">\n\t\t\t\t<div class=\"elementor-widget-container\">\n\t\t\t\t\t<h2 class=\"elementor-heading-title elementor-size-default\">Contact<br \/>et Questions<\/h2>\t\t\t\t<\/div>\n\t\t\t\t<\/div>\n\t\t\t\t<\/div>\n\t\t\t\t\t<\/div>\n\t\t\t\t<\/div>\n\t\t<div class=\"elementor-element elementor-element-339906d e-flex e-con-boxed e-con e-parent\" data-id=\"339906d\" data-element_type=\"container\" data-e-type=\"container\">\n\t\t\t\t\t<div class=\"e-con-inner\">\n\t\t<div class=\"elementor-element elementor-element-88f18dc e-con-full e-flex e-con e-child\" data-id=\"88f18dc\" data-element_type=\"container\" data-e-type=\"container\">\n\t\t\t\t<div class=\"elementor-element elementor-element-d8d20df elementor-widget elementor-widget-text-editor\" data-id=\"d8d20df\" data-element_type=\"widget\" data-e-type=\"widget\" data-widget_type=\"text-editor.default\">\n\t\t\t\t<div class=\"elementor-widget-container\">\n\t\t\t\t\t\t\t\t\t<p>L&rsquo;\u00e9quipe Melotick sera ravie de vous renseigner et de r\u00e9pondre \u00e0 vos questions. Pour nous contacter, vous pouvez nous \u00e9crire :<\/p>\n<ul>\n<li>Par mail : <strong>pierre@melotick.com<\/strong><\/li>\n<li>Par t\u00e9l\u00e9phone : <strong>06 35 24 77 08<\/strong><\/li>\n<li>Par le formulaire de contact ci-contre<\/li>\n<\/ul>\t\t\t\t\t\t\t\t<\/div>\n\t\t\t\t<\/div>\n\t\t\t\t<\/div>\n\t\t<div class=\"elementor-element elementor-element-c707fc6 e-con-full e-flex e-con e-child\" data-id=\"c707fc6\" data-element_type=\"container\" data-e-type=\"container\">\n\t\t\t\t<div class=\"elementor-element elementor-element-b07c64a elementor-button-align-start elementor-widget elementor-widget-form\" data-id=\"b07c64a\" data-element_type=\"widget\" data-e-type=\"widget\" data-settings=\"{&quot;step_next_label&quot;:&quot;Suivant&quot;,&quot;step_previous_label&quot;:&quot;Pr\\u00e9c\\u00e9dent&quot;,&quot;button_width&quot;:&quot;100&quot;,&quot;step_type&quot;:&quot;number_text&quot;,&quot;step_icon_shape&quot;:&quot;circle&quot;}\" data-widget_type=\"form.default\">\n\t\t\t\t<div class=\"elementor-widget-container\">\n\t\t\t\t\t\t\t<form class=\"elementor-form\" method=\"post\" name=\"CONTACT\" aria-label=\"CONTACT\">\n\t\t\t<input type=\"hidden\" name=\"post_id\" value=\"98\"\/>\n\t\t\t<input type=\"hidden\" name=\"form_id\" value=\"b07c64a\"\/>\n\t\t\t<input type=\"hidden\" name=\"referer_title\" value=\"Nouveau spectacle vivant en France - Melotick\" \/>\n\n\t\t\t\t\t\t\t<input type=\"hidden\" name=\"queried_id\" value=\"98\"\/>\n\t\t\t\n\t\t\t<div class=\"elementor-form-fields-wrapper elementor-labels-\">\n\t\t\t\t\t\t\t\t<div class=\"elementor-field-type-text elementor-field-group elementor-column elementor-field-group-name elementor-col-100 elementor-field-required\">\n\t\t\t\t\t\t\t\t\t\t\t\t<label for=\"form-field-name\" class=\"elementor-field-label elementor-screen-only\">\n\t\t\t\t\t\t\t\tNom\t\t\t\t\t\t\t<\/label>\n\t\t\t\t\t\t\t\t\t\t\t\t\t\t<input size=\"1\" type=\"text\" name=\"form_fields[name]\" id=\"form-field-name\" class=\"elementor-field elementor-size-sm  elementor-field-textual\" placeholder=\"Nom\" required=\"required\">\n\t\t\t\t\t\t\t\t\t\t\t<\/div>\n\t\t\t\t\t\t\t\t<div class=\"elementor-field-type-text elementor-field-group elementor-column elementor-field-group-field_00a546e elementor-col-100 elementor-field-required\">\n\t\t\t\t\t\t\t\t\t\t\t\t<label for=\"form-field-field_00a546e\" class=\"elementor-field-label elementor-screen-only\">\n\t\t\t\t\t\t\t\tPr\u00e9nom\t\t\t\t\t\t\t<\/label>\n\t\t\t\t\t\t\t\t\t\t\t\t\t\t<input size=\"1\" type=\"text\" name=\"form_fields[field_00a546e]\" id=\"form-field-field_00a546e\" class=\"elementor-field elementor-size-sm  elementor-field-textual\" placeholder=\"Pr\u00e9nom\" required=\"required\">\n\t\t\t\t\t\t\t\t\t\t\t<\/div>\n\t\t\t\t\t\t\t\t<div class=\"elementor-field-type-tel elementor-field-group elementor-column elementor-field-group-field_02332c5 elementor-col-100 elementor-field-required\">\n\t\t\t\t\t\t\t\t\t\t\t\t<label for=\"form-field-field_02332c5\" class=\"elementor-field-label elementor-screen-only\">\n\t\t\t\t\t\t\t\tT\u00e9l\t\t\t\t\t\t\t<\/label>\n\t\t\t\t\t\t\t\t<input size=\"1\" type=\"tel\" name=\"form_fields[field_02332c5]\" id=\"form-field-field_02332c5\" class=\"elementor-field elementor-size-sm  elementor-field-textual\" placeholder=\"Num\u00e9ro de T\u00e9l\u00e9phone\" required=\"required\" pattern=\"[0-9()#&amp;+*-=.]+\" title=\"Seuls les caract\u00e8res de num\u00e9ros de t\u00e9l\u00e9phone (#, -, *, etc.) sont accept\u00e9s.\">\n\n\t\t\t\t\t\t<\/div>\n\t\t\t\t\t\t\t\t<div class=\"elementor-field-type-email elementor-field-group elementor-column elementor-field-group-email elementor-col-100 elementor-field-required\">\n\t\t\t\t\t\t\t\t\t\t\t\t<label for=\"form-field-email\" class=\"elementor-field-label elementor-screen-only\">\n\t\t\t\t\t\t\t\tE-mail\t\t\t\t\t\t\t<\/label>\n\t\t\t\t\t\t\t\t\t\t\t\t\t\t<input size=\"1\" type=\"email\" name=\"form_fields[email]\" id=\"form-field-email\" class=\"elementor-field elementor-size-sm  elementor-field-textual\" placeholder=\"E-mail\" required=\"required\">\n\t\t\t\t\t\t\t\t\t\t\t<\/div>\n\t\t\t\t\t\t\t\t<div class=\"elementor-field-type-textarea elementor-field-group elementor-column elementor-field-group-message elementor-col-100 elementor-field-required\">\n\t\t\t\t\t\t\t\t\t\t\t\t<label for=\"form-field-message\" class=\"elementor-field-label elementor-screen-only\">\n\t\t\t\t\t\t\t\tDemande de renseignements\t\t\t\t\t\t\t<\/label>\n\t\t\t\t\t\t<textarea class=\"elementor-field-textual elementor-field  elementor-size-sm\" name=\"form_fields[message]\" id=\"form-field-message\" rows=\"4\" placeholder=\"Demande de Renseignements, de Partenariats, ...\" required=\"required\"><\/textarea>\t\t\t\t<\/div>\n\t\t\t\t\t\t\t\t<div class=\"elementor-field-type-recaptcha_v3 elementor-field-group elementor-column elementor-field-group-field_6d8afd4 elementor-col-100 recaptcha_v3-bottomright\">\n\t\t\t\t\t<div class=\"elementor-field\" id=\"form-field-field_6d8afd4\"><div class=\"elementor-g-recaptcha\" data-sitekey=\"6LdbVXUoAAAAAEdQF1sXN4g_bIIuAOnyvu672t-7\" data-type=\"v3\" data-action=\"Form\" data-badge=\"bottomright\" data-size=\"invisible\"><\/div><\/div>\t\t\t\t<\/div>\n\t\t\t\t\t\t\t\t<div class=\"elementor-field-group elementor-column elementor-field-type-submit elementor-col-100 e-form__buttons\">\n\t\t\t\t\t<button class=\"elementor-button elementor-size-sm\" type=\"submit\">\n\t\t\t\t\t\t<span class=\"elementor-button-content-wrapper\">\n\t\t\t\t\t\t\t\t\t\t\t\t\t\t\t\t\t\t\t\t\t\t<span class=\"elementor-button-text\">Envoyer<\/span>\n\t\t\t\t\t\t\t\t\t\t\t\t\t<\/span>\n\t\t\t\t\t<\/button>\n\t\t\t\t<\/div>\n\t\t\t<\/div>\n\t\t<\/form>\n\t\t\t\t\t\t<\/div>\n\t\t\t\t<\/div>\n\t\t\t\t<\/div>\n\t\t\t\t\t<\/div>\n\t\t\t\t<\/div>\n\t\t\t\t<\/div>\n\t\t","protected":false},"excerpt":{"rendered":"<p>Contactet Questions L&rsquo;\u00e9quipe Melotick sera ravie de vous renseigner et de r\u00e9pondre \u00e0 vos questions. Pour nous contacter, vous pouvez nous \u00e9crire : Par mail : pierre@melotick.com Par t\u00e9l\u00e9phone : 06 35 24 77 08 Par le formulaire de contact ci-contre<\/p>\n","protected":false},"author":2,"featured_media":0,"parent":0,"menu_order":0,"comment_status":"closed","ping_status":"closed","template":"","meta":{"_acf_changed":false,"_monsterinsights_skip_tracking":false,"_monsterinsights_sitenote_active":false,"_monsterinsights_sitenote_note":"","_monsterinsights_sitenote_category":0,"footnotes":""},"class_list":["post-98","page","type-page","status-publish","hentry"],"acf":[],"yoast_head":"<!-- This site is optimized with the Yoast SEO plugin v27.3 - https:\/\/yoast.com\/product\/yoast-seo-wordpress\/ -->\n<title>Nouveau spectacle vivant en France - Melotick<\/title>\n<meta name=\"description\" content=\"D\u00e9couvrez les nouveaux spectacles vivants \u00e0 venir en France\" \/>\n<meta name=\"robots\" content=\"index, follow, max-snippet:-1, max-image-preview:large, max-video-preview:-1\" \/>\n<link rel=\"canonical\" href=\"https:\/\/melotick.com\/?page_id=98\" \/>\n<meta property=\"og:locale\" content=\"fr_FR\" \/>\n<meta property=\"og:type\" content=\"article\" \/>\n<meta property=\"og:title\" content=\"Nouveau spectacle vivant en France - Melotick\" \/>\n<meta property=\"og:description\" content=\"D\u00e9couvrez les nouveaux spectacles vivants \u00e0 venir en France\" \/>\n<meta property=\"og:url\" content=\"https:\/\/melotick.com\/?page_id=98\" \/>\n<meta property=\"og:site_name\" content=\"Melotick\" \/>\n<meta property=\"article:publisher\" content=\"https:\/\/www.facebook.com\/melotick.culture\/?locale=fr_FR\" \/>\n<meta property=\"article:modified_time\" content=\"2025-07-03T07:20:59+00:00\" \/>\n<meta name=\"twitter:card\" content=\"summary_large_image\" \/>\n<meta name=\"twitter:label1\" content=\"Dur\u00e9e de lecture estim\u00e9e\" \/>\n\t<meta name=\"twitter:data1\" content=\"1 minute\" \/>\n<script type=\"application\/ld+json\" class=\"yoast-schema-graph\">{\"@context\":\"https:\\\/\\\/schema.org\",\"@graph\":[{\"@type\":[\"Article\",\"BlogPosting\"],\"@id\":\"https:\\\/\\\/melotick.com\\\/?page_id=98#article\",\"isPartOf\":{\"@id\":\"https:\\\/\\\/melotick.com\\\/?page_id=98\"},\"author\":{\"name\":\"Louise\",\"@id\":\"https:\\\/\\\/melotick.com\\\/#\\\/schema\\\/person\\\/00f61fc4908735d57c62400513052d00\"},\"headline\":\"Contact\",\"datePublished\":\"2025-04-18T12:47:05+00:00\",\"dateModified\":\"2025-07-03T07:20:59+00:00\",\"mainEntityOfPage\":{\"@id\":\"https:\\\/\\\/melotick.com\\\/?page_id=98\"},\"wordCount\":39,\"publisher\":{\"@id\":\"https:\\\/\\\/melotick.com\\\/#organization\"},\"inLanguage\":\"fr-FR\"},{\"@type\":\"WebPage\",\"@id\":\"https:\\\/\\\/melotick.com\\\/?page_id=98\",\"url\":\"https:\\\/\\\/melotick.com\\\/?page_id=98\",\"name\":\"Nouveau spectacle vivant en France - Melotick\",\"isPartOf\":{\"@id\":\"https:\\\/\\\/melotick.com\\\/#website\"},\"datePublished\":\"2025-04-18T12:47:05+00:00\",\"dateModified\":\"2025-07-03T07:20:59+00:00\",\"description\":\"D\u00e9couvrez les nouveaux spectacles vivants \u00e0 venir en France\",\"breadcrumb\":{\"@id\":\"https:\\\/\\\/melotick.com\\\/?page_id=98#breadcrumb\"},\"inLanguage\":\"fr-FR\",\"potentialAction\":[{\"@type\":\"ReadAction\",\"target\":[\"https:\\\/\\\/melotick.com\\\/?page_id=98\"]}]},{\"@type\":\"BreadcrumbList\",\"@id\":\"https:\\\/\\\/melotick.com\\\/?page_id=98#breadcrumb\",\"itemListElement\":[{\"@type\":\"ListItem\",\"position\":1,\"name\":\"Accueil\",\"item\":\"https:\\\/\\\/melotick.com\\\/\"},{\"@type\":\"ListItem\",\"position\":2,\"name\":\"Contact\"}]},{\"@type\":\"WebSite\",\"@id\":\"https:\\\/\\\/melotick.com\\\/#website\",\"url\":\"https:\\\/\\\/melotick.com\\\/\",\"name\":\"Melotick\",\"description\":\"Vivez la Culture qui vous ressemble\",\"publisher\":{\"@id\":\"https:\\\/\\\/melotick.com\\\/#organization\"},\"potentialAction\":[{\"@type\":\"SearchAction\",\"target\":{\"@type\":\"EntryPoint\",\"urlTemplate\":\"https:\\\/\\\/melotick.com\\\/?s={search_term_string}\"},\"query-input\":{\"@type\":\"PropertyValueSpecification\",\"valueRequired\":true,\"valueName\":\"search_term_string\"}}],\"inLanguage\":\"fr-FR\"},{\"@type\":\"Organization\",\"@id\":\"https:\\\/\\\/melotick.com\\\/#organization\",\"name\":\"Melotick\",\"url\":\"https:\\\/\\\/melotick.com\\\/\",\"logo\":{\"@type\":\"ImageObject\",\"inLanguage\":\"fr-FR\",\"@id\":\"https:\\\/\\\/melotick.com\\\/#\\\/schema\\\/logo\\\/image\\\/\",\"url\":\"https:\\\/\\\/melotick.com\\\/wp-content\\\/uploads\\\/2025\\\/07\\\/Logo.png\",\"contentUrl\":\"https:\\\/\\\/melotick.com\\\/wp-content\\\/uploads\\\/2025\\\/07\\\/Logo.png\",\"width\":1000,\"height\":1000,\"caption\":\"Melotick\"},\"image\":{\"@id\":\"https:\\\/\\\/melotick.com\\\/#\\\/schema\\\/logo\\\/image\\\/\"},\"sameAs\":[\"https:\\\/\\\/www.facebook.com\\\/melotick.culture\\\/?locale=fr_FR\",\"https:\\\/\\\/www.instagram.com\\\/melotick.culture\\\/\",\"https:\\\/\\\/www.linkedin.com\\\/company\\\/melotick-plateforme-culturelle\\\/?originalSubdomain=fr\",\"https:\\\/\\\/www.tiktok.com\\\/@meloticktock\"]},{\"@type\":\"Person\",\"@id\":\"https:\\\/\\\/melotick.com\\\/#\\\/schema\\\/person\\\/00f61fc4908735d57c62400513052d00\",\"name\":\"Louise\",\"image\":{\"@type\":\"ImageObject\",\"inLanguage\":\"fr-FR\",\"@id\":\"https:\\\/\\\/secure.gravatar.com\\\/avatar\\\/63566c49041ecfa41d6c8d7c8af2e2a59c6ad4c8154294aba167df3e6bbca621?s=96&d=mm&r=g\",\"url\":\"https:\\\/\\\/secure.gravatar.com\\\/avatar\\\/63566c49041ecfa41d6c8d7c8af2e2a59c6ad4c8154294aba167df3e6bbca621?s=96&d=mm&r=g\",\"contentUrl\":\"https:\\\/\\\/secure.gravatar.com\\\/avatar\\\/63566c49041ecfa41d6c8d7c8af2e2a59c6ad4c8154294aba167df3e6bbca621?s=96&d=mm&r=g\",\"caption\":\"Louise\"},\"url\":\"https:\\\/\\\/melotick.com\\\/?author=2\"}]}<\/script>\n<!-- \/ Yoast SEO plugin. -->","yoast_head_json":{"title":"Nouveau spectacle vivant en France - Melotick","description":"D\u00e9couvrez les nouveaux spectacles vivants \u00e0 venir en France","robots":{"index":"index","follow":"follow","max-snippet":"max-snippet:-1","max-image-preview":"max-image-preview:large","max-video-preview":"max-video-preview:-1"},"canonical":"https:\/\/melotick.com\/?page_id=98","og_locale":"fr_FR","og_type":"article","og_title":"Nouveau spectacle vivant en France - Melotick","og_description":"D\u00e9couvrez les nouveaux spectacles vivants \u00e0 venir en France","og_url":"https:\/\/melotick.com\/?page_id=98","og_site_name":"Melotick","article_publisher":"https:\/\/www.facebook.com\/melotick.culture\/?locale=fr_FR","article_modified_time":"2025-07-03T07:20:59+00:00","twitter_card":"summary_large_image","twitter_misc":{"Dur\u00e9e de lecture estim\u00e9e":"1 minute"},"schema":{"@context":"https:\/\/schema.org","@graph":[{"@type":["Article","BlogPosting"],"@id":"https:\/\/melotick.com\/?page_id=98#article","isPartOf":{"@id":"https:\/\/melotick.com\/?page_id=98"},"author":{"name":"Louise","@id":"https:\/\/melotick.com\/#\/schema\/person\/00f61fc4908735d57c62400513052d00"},"headline":"Contact","datePublished":"2025-04-18T12:47:05+00:00","dateModified":"2025-07-03T07:20:59+00:00","mainEntityOfPage":{"@id":"https:\/\/melotick.com\/?page_id=98"},"wordCount":39,"publisher":{"@id":"https:\/\/melotick.com\/#organization"},"inLanguage":"fr-FR"},{"@type":"WebPage","@id":"https:\/\/melotick.com\/?page_id=98","url":"https:\/\/melotick.com\/?page_id=98","name":"Nouveau spectacle vivant en France - Melotick","isPartOf":{"@id":"https:\/\/melotick.com\/#website"},"datePublished":"2025-04-18T12:47:05+00:00","dateModified":"2025-07-03T07:20:59+00:00","description":"D\u00e9couvrez les nouveaux spectacles vivants \u00e0 venir en France","breadcrumb":{"@id":"https:\/\/melotick.com\/?page_id=98#breadcrumb"},"inLanguage":"fr-FR","potentialAction":[{"@type":"ReadAction","target":["https:\/\/melotick.com\/?page_id=98"]}]},{"@type":"BreadcrumbList","@id":"https:\/\/melotick.com\/?page_id=98#breadcrumb","itemListElement":[{"@type":"ListItem","position":1,"name":"Accueil","item":"https:\/\/melotick.com\/"},{"@type":"ListItem","position":2,"name":"Contact"}]},{"@type":"WebSite","@id":"https:\/\/melotick.com\/#website","url":"https:\/\/melotick.com\/","name":"Melotick","description":"Vivez la Culture qui vous ressemble","publisher":{"@id":"https:\/\/melotick.com\/#organization"},"potentialAction":[{"@type":"SearchAction","target":{"@type":"EntryPoint","urlTemplate":"https:\/\/melotick.com\/?s={search_term_string}"},"query-input":{"@type":"PropertyValueSpecification","valueRequired":true,"valueName":"search_term_string"}}],"inLanguage":"fr-FR"},{"@type":"Organization","@id":"https:\/\/melotick.com\/#organization","name":"Melotick","url":"https:\/\/melotick.com\/","logo":{"@type":"ImageObject","inLanguage":"fr-FR","@id":"https:\/\/melotick.com\/#\/schema\/logo\/image\/","url":"https:\/\/melotick.com\/wp-content\/uploads\/2025\/07\/Logo.png","contentUrl":"https:\/\/melotick.com\/wp-content\/uploads\/2025\/07\/Logo.png","width":1000,"height":1000,"caption":"Melotick"},"image":{"@id":"https:\/\/melotick.com\/#\/schema\/logo\/image\/"},"sameAs":["https:\/\/www.facebook.com\/melotick.culture\/?locale=fr_FR","https:\/\/www.instagram.com\/melotick.culture\/","https:\/\/www.linkedin.com\/company\/melotick-plateforme-culturelle\/?originalSubdomain=fr","https:\/\/www.tiktok.com\/@meloticktock"]},{"@type":"Person","@id":"https:\/\/melotick.com\/#\/schema\/person\/00f61fc4908735d57c62400513052d00","name":"Louise","image":{"@type":"ImageObject","inLanguage":"fr-FR","@id":"https:\/\/secure.gravatar.com\/avatar\/63566c49041ecfa41d6c8d7c8af2e2a59c6ad4c8154294aba167df3e6bbca621?s=96&d=mm&r=g","url":"https:\/\/secure.gravatar.com\/avatar\/63566c49041ecfa41d6c8d7c8af2e2a59c6ad4c8154294aba167df3e6bbca621?s=96&d=mm&r=g","contentUrl":"https:\/\/secure.gravatar.com\/avatar\/63566c49041ecfa41d6c8d7c8af2e2a59c6ad4c8154294aba167df3e6bbca621?s=96&d=mm&r=g","caption":"Louise"},"url":"https:\/\/melotick.com\/?author=2"}]}},"_links":{"self":[{"href":"https:\/\/melotick.com\/index.php?rest_route=\/wp\/v2\/pages\/98","targetHints":{"allow":["GET"]}}],"collection":[{"href":"https:\/\/melotick.com\/index.php?rest_route=\/wp\/v2\/pages"}],"about":[{"href":"https:\/\/melotick.com\/index.php?rest_route=\/wp\/v2\/types\/page"}],"author":[{"embeddable":true,"href":"https:\/\/melotick.com\/index.php?rest_route=\/wp\/v2\/users\/2"}],"replies":[{"embeddable":true,"href":"https:\/\/melotick.com\/index.php?rest_route=%2Fwp%2Fv2%2Fcomments&post=98"}],"version-history":[{"count":55,"href":"https:\/\/melotick.com\/index.php?rest_route=\/wp\/v2\/pages\/98\/revisions"}],"predecessor-version":[{"id":4610,"href":"https:\/\/melotick.com\/index.php?rest_route=\/wp\/v2\/pages\/98\/revisions\/4610"}],"wp:attachment":[{"href":"https:\/\/melotick.com\/index.php?rest_route=%2Fwp%2Fv2%2Fmedia&parent=98"}],"curies":[{"name":"wp","href":"https:\/\/api.w.org\/{rel}","templated":true}]}}